{"id":11,"date":"2023-11-14T06:11:45","date_gmt":"2023-11-14T05:11:45","guid":{"rendered":"https:\/\/eleverum.fr\/?page_id=11"},"modified":"2026-01-15T19:16:23","modified_gmt":"2026-01-15T18:16:23","slug":"propositions","status":"publish","type":"page","link":"https:\/\/eleverum.fr\/index.php\/propositions\/","title":{"rendered":"P\u00e8res"},"content":{"rendered":"\n<div class=\"wp-block-group alignfull has-global-padding is-layout-constrained wp-container-core-group-is-layout-0ae06a2e wp-block-group-is-layout-constrained\" style=\"margin-top:0;margin-bottom:0;padding-top:0;padding-right:var(--wp--preset--spacing--50);padding-bottom:0;padding-left:var(--wp--preset--spacing--50)\">\n<div class=\"wp-block-group alignfull has-global-padding is-layout-constrained wp-container-core-group-is-layout-3af251ef wp-block-group-is-layout-constrained\" style=\"padding-top:var(--wp--preset--spacing--superbspacing-xxlarge);padding-right:var(--wp--preset--spacing--superbspacing-medium);padding-bottom:var(--wp--preset--spacing--superbspacing-xxlarge);padding-left:var(--wp--preset--spacing--superbspacing-medium)\">\n<div class=\"wp-block-columns alignwide is-layout-flex wp-container-core-columns-is-layout-83cf590f wp-block-columns-is-layout-flex\">\n<div class=\"wp-block-column is-vertically-aligned-center is-layout-flow wp-container-core-column-is-layout-30be4402 wp-block-column-is-layout-flow\">\n<div class=\"wp-block-group has-global-padding is-layout-constrained wp-container-core-group-is-layout-d598ad9d wp-block-group-is-layout-constrained\">\n<h2 class=\"wp-block-heading has-text-align-left has-accent-3-color has-text-color has-superbfont-xxsmall-font-size\" style=\"font-style:normal;font-weight:700;letter-spacing:5px;text-transform:uppercase\">faire soci\u00e9t\u00e9 &amp; vivre ensemble<\/h2>\n\n\n\n<h3 class=\"wp-block-heading has-text-align-left has-contrast-color has-text-color has-body-font-family has-superbfont-xlarge-font-size\" style=\"font-style:normal;font-weight:700\">Aider les hommes \u00e0 \u00eatre des p\u00e8res symboliques.<\/h3>\n\n\n\n<p class=\"has-text-align-left has-secondary-color has-text-color has-superbfont-small-font-size\"><\/p>\n\n\n\n<p class=\"has-large-font-size\"><strong>Pour devenir des adultes conscients de leurs responsabilit\u00e9s, capables de relations saines, ouverts et confiants, il faut un coup de main. La main tendue du batisseur qu&rsquo;est le p\u00e8re<strong>, figure symbolique du monde ext\u00e9rieur. <\/strong>Voil\u00e0 l&rsquo;enjeu profond de notre temps troubl\u00e9, perdu et chaotique. <\/strong><\/p>\n<\/div>\n<\/div>\n\n\n\n<div class=\"wp-block-column is-vertically-aligned-center is-layout-flow wp-container-core-column-is-layout-40a2a7e8 wp-block-column-is-layout-flow\" style=\"padding-right:0;padding-bottom:0;padding-left:0;flex-basis:40%\">\n<figure class=\"wp-block-image size-full has-custom-border wp-duotone-unset-1\"><img loading=\"lazy\" decoding=\"async\" width=\"1024\" height=\"576\" src=\"http:\/\/eleverum.fr\/wp-content\/uploads\/2023\/12\/man-studio-portrait-light-90764-1-1024x682-1.jpeg\" alt=\"\" class=\"wp-image-263\" style=\"border-radius:16px;aspect-ratio:3\/4;object-fit:cover\" srcset=\"https:\/\/eleverum.fr\/wp-content\/uploads\/2023\/12\/man-studio-portrait-light-90764-1-1024x682-1.jpeg 1024w, https:\/\/eleverum.fr\/wp-content\/uploads\/2023\/12\/man-studio-portrait-light-90764-1-1024x682-1-300x169.jpeg 300w, https:\/\/eleverum.fr\/wp-content\/uploads\/2023\/12\/man-studio-portrait-light-90764-1-1024x682-1-768x432.jpeg 768w, https:\/\/eleverum.fr\/wp-content\/uploads\/2023\/12\/man-studio-portrait-light-90764-1-1024x682-1-600x338.jpeg 600w\" sizes=\"auto, (max-width: 1024px) 100vw, 1024px\" \/><\/figure>\n<\/div>\n<\/div>\n<\/div>\n\n\n\n<div class=\"wp-block-group alignfull has-global-padding is-content-justification-center is-layout-constrained wp-container-core-group-is-layout-6662c2c8 wp-block-group-is-layout-constrained\" style=\"padding-top:var(--wp--preset--spacing--superbspacing-xxlarge);padding-right:var(--wp--preset--spacing--superbspacing-medium);padding-bottom:var(--wp--preset--spacing--superbspacing-xxlarge);padding-left:var(--wp--preset--spacing--superbspacing-medium)\">\n<div class=\"wp-block-group alignwide has-global-padding is-layout-constrained wp-block-group-is-layout-constrained\">\n<div class=\"wp-block-columns alignwide are-vertically-aligned-bottom is-layout-flex wp-container-core-columns-is-layout-83cf590f wp-block-columns-is-layout-flex\">\n<div class=\"wp-block-column is-vertically-aligned-bottom is-layout-flow wp-container-core-column-is-layout-30be4402 wp-block-column-is-layout-flow\">\n<div class=\"wp-block-group has-global-padding is-layout-constrained wp-container-core-group-is-layout-d598ad9d wp-block-group-is-layout-constrained\">\n<h2 class=\"wp-block-heading has-text-align-left has-accent-3-color has-text-color has-superbfont-xxsmall-font-size\" style=\"font-style:normal;font-weight:700;letter-spacing:5px;text-transform:uppercase\">LA paternit\u00e9 en question<\/h2>\n\n\n\n<figure class=\"wp-block-embed is-type-video is-provider-youtube wp-block-embed-youtube wp-embed-aspect-4-3 wp-has-aspect-ratio\"><div class=\"wp-block-embed__wrapper\">\n<iframe loading=\"lazy\" title=\"Qu&#039;est-ce que la paternit\u00e9 ? A quoi \u00e7a sert ? Comment l&#039;exercer ? Quels d\u00e9fis ?\" width=\"500\" height=\"375\" src=\"https:\/\/www.youtube.com\/embed\/v4ma7p8zE7g?feature=oembed\" frameborder=\"0\" allow=\"accelerometer; autoplay; clipboard-write; encrypted-media; gyroscope; picture-in-picture; web-share\" referrerpolicy=\"strict-origin-when-cross-origin\" allowfullscreen><\/iframe>\n<\/div><\/figure>\n<\/div>\n<\/div>\n\n\n\n<div class=\"wp-block-column is-vertically-aligned-bottom is-layout-flow wp-container-core-column-is-layout-40a2a7e8 wp-block-column-is-layout-flow\" style=\"padding-right:0;padding-bottom:0;padding-left:0;flex-basis:40%\">\n<div class=\"wp-block-group has-global-padding is-layout-constrained wp-block-group-is-layout-constrained\">\n<h3 class=\"wp-block-heading has-contrast-color has-text-color has-body-font-family has-superbfont-xlarge-font-size\" style=\"font-style:normal;font-weight:800\">30 minutes pour comprendre<\/h3>\n\n\n\n<blockquote class=\"wp-block-quote alignwide is-layout-flow wp-block-quote-is-layout-flow\">\n<ul class=\"wp-block-list\">\n<li>Pourquoi les enfants ont-ils besoin de p\u00e8res ? <\/li>\n\n\n\n<li>Que signifie \u00ab\u00a0exercer sa paternit\u00e9\u00a0\u00bb ?<\/li>\n\n\n\n<li>Quels sont les conditions pour l&rsquo;exercer ?<\/li>\n<\/ul>\n<\/blockquote>\n<\/div>\n<\/div>\n<\/div>\n<\/div>\n<\/div>\n<\/div>\n\n\n\n<h2 class=\"wp-block-heading has-body-font-family\" style=\"font-size:clamp(1.743em, 1.743rem + ((1vw - 0.2em) * 2.095), 3em);font-style:normal;font-weight:800\"><strong>Mais comment faire ?<\/strong><\/h2>\n\n\n\n<p class=\"has-accent-3-color has-text-color has-link-color wp-elements-856af50b24acaa621107bb206fab2cd5\" style=\"font-size:clamp(0.984em, 0.984rem + ((1vw - 0.2em) * 0.86), 1.5em);\"><strong>En redonnant de l&rsquo;esp\u00e9rance aux hommes et en les aidant \u00e0 prendre confiance en eux<\/strong> pour leur permettre de croire qu&rsquo;ils sont \u00e0 la hauteur des enjeux de leur vie.<\/p>\n\n\n\n<p style=\"font-size:clamp(0.984em, 0.984rem + ((1vw - 0.2em) * 0.86), 1.5em);\">En aidant les hommes \u00e0 d\u00e9couvrir la grandeur et la beaut\u00e9 de leur mission irrempla\u00e7able d&rsquo;homme et de papa : aimer et se donner.<\/p>\n\n\n\n<p class=\"has-text-align-center\">&#8212;&#8211;<\/p>\n\n\n\n<p style=\"font-size:clamp(0.984em, 0.984rem + ((1vw - 0.2em) * 0.86), 1.5em);\"><strong><em>Eleverum<\/em><\/strong> s\u2019adresse aux hommes, aux femmes et aux organisations, \u00e9ducateurs, accompagnants, m\u00e9diateurs et professionnels des secteurs public ou priv\u00e9 \u00e9tant aux prises avec les familles : les femmes, les hommes et les enfants en particulier.<\/p>\n\n\n\n<div class=\"wp-block-group alignfull has-global-padding is-layout-constrained wp-container-core-group-is-layout-5ba75975 wp-block-group-is-layout-constrained\" style=\"margin-top:0;margin-bottom:0;padding-top:0;padding-right:var(--wp--preset--spacing--50);padding-bottom:0;padding-left:var(--wp--preset--spacing--50)\">\n<div style=\"height:100px\" aria-hidden=\"true\" class=\"wp-block-spacer\"><\/div>\n\n\n\n<h1 class=\"wp-block-heading is-style-default has-body-font-family\" style=\"font-size:clamp(1.743rem, 1.743rem + ((1vw - 0.2rem) * 2.095), 3rem);font-style:normal;font-weight:800\"><strong>Les propositions d&rsquo;Eleverum :<\/strong><\/h1>\n\n\n\n<ul class=\"wp-block-list\">\n<li style=\"font-size:clamp(0.984em, 0.984rem + ((1vw - 0.2em) * 0.86), 1.5em);\">Des ateliers ou des <strong>stages de formation <\/strong>pour les hommes, pour les aider \u00e0 \u00eatre de bons papas et de bons hommes impliqu\u00e9s et engag\u00e9s. <strong>Aider les papas \u00e0 d\u00e9couvrir leur r\u00f4le irrempla\u00e7able de p\u00e8re et \u00e0 exercer leur parentalit\u00e9<\/strong>.<\/li>\n<\/ul>\n\n\n\n<p><\/p>\n\n\n\n<ul class=\"wp-block-list\">\n<li style=\"font-size:clamp(0.984em, 0.984rem + ((1vw - 0.2em) * 0.86), 1.5em);\">Des solutions de <strong>parrainage d&rsquo;enfants de familles monoparentales sans pr\u00e9sence paternelle<\/strong>, suite \u00e0 un divorce ou un d\u00e9c\u00e8s. Afin d&rsquo;offrir aux enfants une pr\u00e9sence masculine structurante : une figure de p\u00e8re qui agit comme un relais et un appui pour la maman ainsi soulag\u00e9e.<\/li>\n<\/ul>\n\n\n\n<p><\/p>\n\n\n\n<ul class=\"wp-block-list\">\n<li style=\"font-size:clamp(0.984em, 0.984rem + ((1vw - 0.2em) * 0.86), 1.5em);\">Des weekends <strong>p\u00e8re-fils <\/strong>pour des gar\u00e7ons de plus de 15 ans, afin de d\u00e9couvrir ce qu&rsquo;est la vie d&rsquo;un homme adulte et responsable et de recevoir les fondamentaux pour avoir une saine confiance en soi et une belle ambition pour sa vie future.<\/li>\n<\/ul>\n\n\n\n<p><\/p>\n\n\n\n<ul class=\"wp-block-list\">\n<li style=\"font-size:clamp(0.984em, 0.984rem + ((1vw - 0.2em) * 0.86), 1.5em);\">Des accompagnements <strong>individuels<\/strong> <strong>pour les hommes les plus courageux <\/strong>qui reconnaissent leurs inconforts, qui veulent s&rsquo;en emparer pour les d\u00e9passer. Et <strong>humbles <\/strong>car ils acceptent de se faire aider. Et pour un homme, c&rsquo;est d\u00e9j\u00e0 un grand pas. <\/li>\n<\/ul>\n\n\n\n<p><\/p>\n\n\n\n<ul class=\"wp-block-list\">\n<li style=\"font-size:clamp(0.984em, 0.984rem + ((1vw - 0.2em) * 0.86), 1.5em);\">Des interventions en <strong>\u00c9ducation Humaine et Affective<\/strong> pour les lyc\u00e9ens, les jeunes gar\u00e7ons h\u00e9berg\u00e9s en centre d&rsquo;aide sociale ou des groupes de jeunes professionnels. Des interventions uniques et tr\u00e8s impactantes qui r\u00e9pondent aux vraies pr\u00e9occupations des jeunes, sans id\u00e9ologie. Avant d&rsquo;\u00eatre en \u00ab\u00a0relation\u00a0\u00bb affective les jeunes veulent savoir \u00ab\u00a0qui ils sont\u00a0\u00bb profond\u00e9ment. C&rsquo;est tout l&rsquo;enjeu de mes ateliers. <\/li>\n<\/ul>\n\n\n\n<p><\/p>\n\n\n\n<ul class=\"wp-block-list\">\n<li style=\"font-size:clamp(0.984em, 0.984rem + ((1vw - 0.2em) * 0.86), 1.5em);\">Des <strong>conf\u00e9rences<\/strong>, tables-rondes et interventions \u00e0 la demande sur ces th\u00e9matiques, aupr\u00e8s des hommes et aussi aupr\u00e8s des femmes.<\/li>\n<\/ul>\n\n\n\n<div style=\"height:150px\" aria-hidden=\"true\" class=\"wp-block-spacer\"><\/div>\n<\/div>\n","protected":false},"excerpt":{"rendered":"<p>faire soci\u00e9t\u00e9 &amp; vivre ensemble Aider les hommes \u00e0 \u00eatre des p\u00e8res symboliques. Pour devenir des adultes conscients de leurs responsabilit\u00e9s, capables de relations saines, ouverts et confiants, il faut un coup de main. La main tendue du batisseur qu&rsquo;est le p\u00e8re, figure symbolique du monde ext\u00e9rieur. Voil\u00e0 l&rsquo;enjeu profond de notre temps troubl\u00e9, perdu [&hellip;]<\/p>\n","protected":false},"author":1,"featured_media":0,"parent":0,"menu_order":0,"comment_status":"closed","ping_status":"closed","template":"","meta":{"footnotes":""},"class_list":["post-11","page","type-page","status-publish","hentry"],"_links":{"self":[{"href":"https:\/\/eleverum.fr\/index.php\/wp-json\/wp\/v2\/pages\/11","targetHints":{"allow":["GET"]}}],"collection":[{"href":"https:\/\/eleverum.fr\/index.php\/wp-json\/wp\/v2\/pages"}],"about":[{"href":"https:\/\/eleverum.fr\/index.php\/wp-json\/wp\/v2\/types\/page"}],"author":[{"embeddable":true,"href":"https:\/\/eleverum.fr\/index.php\/wp-json\/wp\/v2\/users\/1"}],"replies":[{"embeddable":true,"href":"https:\/\/eleverum.fr\/index.php\/wp-json\/wp\/v2\/comments?post=11"}],"version-history":[{"count":86,"href":"https:\/\/eleverum.fr\/index.php\/wp-json\/wp\/v2\/pages\/11\/revisions"}],"predecessor-version":[{"id":581,"href":"https:\/\/eleverum.fr\/index.php\/wp-json\/wp\/v2\/pages\/11\/revisions\/581"}],"wp:attachment":[{"href":"https:\/\/eleverum.fr\/index.php\/wp-json\/wp\/v2\/media?parent=11"}],"curies":[{"name":"wp","href":"https:\/\/api.w.org\/{rel}","templated":true}]}}