{"id":2,"date":"2023-11-10T13:10:48","date_gmt":"2023-11-10T12:10:48","guid":{"rendered":"http:\/\/eleverum.fr\/?page_id=2"},"modified":"2026-02-03T14:32:59","modified_gmt":"2026-02-03T13:32:59","slug":"a-propos","status":"publish","type":"page","link":"https:\/\/eleverum.fr\/?page_id=2","title":{"rendered":"\u00e0 propos"},"content":{"rendered":"\n<div class=\"wp-block-group alignfull has-global-padding is-layout-constrained wp-container-core-group-is-layout-aff63992 wp-block-group-is-layout-constrained\" style=\"margin-top:0;margin-bottom:0;padding-top:0;padding-right:var(--wp--preset--spacing--50);padding-bottom:0;padding-left:var(--wp--preset--spacing--50)\">\n<div class=\"wp-block-cover alignfull is-light\" style=\"margin-top:0;padding-top:6vw;padding-right:6vw;padding-bottom:6vw;padding-left:6vw\"><span aria-hidden=\"true\" class=\"wp-block-cover__background has-background-dim-100 has-background-dim\" style=\"background-color:#eb4c77\"><\/span><div class=\"wp-block-cover__inner-container is-layout-flow wp-block-cover-is-layout-flow\">\n<div class=\"wp-block-group is-content-justification-center is-layout-flex wp-container-core-group-is-layout-82565499 wp-block-group-is-layout-flex\">\n<div class=\"wp-block-group alignwide wp-container-content-ceb7f5b3 has-global-padding is-content-justification-left is-layout-constrained wp-container-core-group-is-layout-852f5fc7 wp-block-group-is-layout-constrained\">\n<h2 class=\"wp-block-heading alignwide has-text-align-left has-contrast-color has-text-color\" style=\"font-size:clamp(50.171px, 3.136rem + ((1vw - 3.2px) * 5.191), 100px);font-style:normal;font-weight:500;line-height:0.9;text-transform:none\">Notre vision<\/h2>\n\n\n\n<div style=\"height:24px\" aria-hidden=\"true\" class=\"wp-block-spacer\"><\/div>\n\n\n\n<p class=\"has-text-align-left has-contrast-color has-text-color\"><strong>ELEVERUM <\/strong>veut aider les hommes \u00e0 mesurer le sens symbolique de leur place irrempla\u00e7able pour l&rsquo;\u00e9tablissement et le maintien d&rsquo;une soci\u00e9t\u00e9 stable et paisible. <\/p>\n\n\n\n<p class=\"has-text-align-left has-contrast-color has-text-color\">Dans un monde o\u00f9 les femmes sont invit\u00e9es par injonctions successives en raison d\u00a0\u00bbun f\u00e9minisme id\u00e9ologique d\u00e9brid\u00e9 et violent \u00e0 devenir des hommes comme les autres, ce qui constitue la premi\u00e8re violence faite aux femmes et qui \u00e9limine de fait l&rsquo;espace masculin, nous sommes d\u00e9sireux de remettre du COSMOS dans le CHAOS. <\/p>\n\n\n\n<p class=\"has-text-align-left has-contrast-color has-text-color\"><strong>Nous sifflons la fin de la r\u00e9cr\u00e9ation<\/strong>. Cela peut ne pas plaire \u00e0 tout le monde. La question est la suivante : le monde occidental va mal. Il sombre. <\/p>\n\n\n\n<p><strong>Les familles sont d\u00e9truites <\/strong>dans leur majorit\u00e9, les enfants sont souffrants, les adultes perdus : <\/p>\n\n\n\n<ul class=\"wp-block-list\">\n<li>les hommes en retrait, rendus incapables d&rsquo;occuper une juste place, <\/li>\n\n\n\n<li>les femmes contraintes \u00e0 porter ce qu&rsquo;elles ne peuvent pas porter seules et sont donc \u00e9puis\u00e9es, fatigu\u00e9es, d\u00e9prim\u00e9es. <\/li>\n\n\n\n<li>les enfants ont des mod\u00e8les d\u00e9faillants. <\/li>\n<\/ul>\n\n\n\n<p class=\"has-text-align-left has-contrast-color has-text-color\"><\/p>\n\n\n\n<p class=\"has-text-align-left has-contrast-color has-text-color\"><\/p>\n\n\n\n<div style=\"height:60px\" aria-hidden=\"true\" class=\"wp-block-spacer\"><\/div>\n\n\n\n<div class=\"wp-block-buttons is-content-justification-left is-nowrap is-layout-flex wp-container-core-buttons-is-layout-92e17da2 wp-block-buttons-is-layout-flex\">\n<div class=\"wp-block-button is-style-fill\"><a class=\"wp-block-button__link has-base-color has-contrast-background-color has-text-color has-background has-custom-font-size wp-element-button\" href=\"https:\/\/www.youtube.com\/watch?v=sebtVyLJE8k\" style=\"border-radius:0px;padding-top:24px;padding-right:48px;padding-bottom:24px;padding-left:48px;font-size:clamp(14px, 0.875rem + ((1vw - 3.2px) * 0.208), 16px);font-style:normal;font-weight:500;letter-spacing:0px;text-transform:uppercase\" target=\"_blank\" rel=\"noreferrer noopener\">POSDACT LA FIN DES HOMMES SUR KOSMOS !<\/a><\/div>\n<\/div>\n<\/div>\n\n\n\n<div class=\"wp-block-group is-content-justification-right is-nowrap is-layout-flex wp-container-core-group-is-layout-59a2d94b wp-block-group-is-layout-flex\">\n<div class=\"wp-block-group wp-container-content-0733e5d0 is-layout-flow wp-block-group-is-layout-flow\">\n<div style=\"height:8vw\" aria-hidden=\"true\" class=\"wp-block-spacer\"><\/div>\n\n\n\n<figure class=\"wp-block-image size-large wp-container-content-0733e5d0 wp-duotone-rgb000-rgb21788120-1\"><img loading=\"lazy\" decoding=\"async\" width=\"1024\" height=\"768\" src=\"http:\/\/eleverum.fr\/wp-content\/uploads\/2025\/06\/2021-05-07-21.05-WE-pere-fils-Fontainebleau-166-1024x768.jpg\" alt=\"\" class=\"wp-image-511\" srcset=\"https:\/\/eleverum.fr\/wp-content\/uploads\/2025\/06\/2021-05-07-21.05-WE-pere-fils-Fontainebleau-166-1024x768.jpg 1024w, https:\/\/eleverum.fr\/wp-content\/uploads\/2025\/06\/2021-05-07-21.05-WE-pere-fils-Fontainebleau-166-300x225.jpg 300w, https:\/\/eleverum.fr\/wp-content\/uploads\/2025\/06\/2021-05-07-21.05-WE-pere-fils-Fontainebleau-166-768x576.jpg 768w, https:\/\/eleverum.fr\/wp-content\/uploads\/2025\/06\/2021-05-07-21.05-WE-pere-fils-Fontainebleau-166-1536x1152.jpg 1536w, https:\/\/eleverum.fr\/wp-content\/uploads\/2025\/06\/2021-05-07-21.05-WE-pere-fils-Fontainebleau-166-2048x1536.jpg 2048w, https:\/\/eleverum.fr\/wp-content\/uploads\/2025\/06\/2021-05-07-21.05-WE-pere-fils-Fontainebleau-166-600x450.jpg 600w\" sizes=\"auto, (max-width: 1024px) 100vw, 1024px\" \/><\/figure>\n<\/div>\n\n\n\n<figure class=\"wp-block-image size-large wp-container-content-0733e5d0 wp-duotone-rgb000-rgb21788120-2\"><img loading=\"lazy\" decoding=\"async\" width=\"768\" height=\"1024\" src=\"http:\/\/eleverum.fr\/wp-content\/uploads\/2024\/04\/pexels-hannah-nelson-1456951-1-768x1024.jpg\" alt=\"\" class=\"wp-image-337\" srcset=\"https:\/\/eleverum.fr\/wp-content\/uploads\/2024\/04\/pexels-hannah-nelson-1456951-1-768x1024.jpg 768w, https:\/\/eleverum.fr\/wp-content\/uploads\/2024\/04\/pexels-hannah-nelson-1456951-1-225x300.jpg 225w, https:\/\/eleverum.fr\/wp-content\/uploads\/2024\/04\/pexels-hannah-nelson-1456951-1-1152x1536.jpg 1152w, https:\/\/eleverum.fr\/wp-content\/uploads\/2024\/04\/pexels-hannah-nelson-1456951-1-1536x2048.jpg 1536w, https:\/\/eleverum.fr\/wp-content\/uploads\/2024\/04\/pexels-hannah-nelson-1456951-1-600x800.jpg 600w, https:\/\/eleverum.fr\/wp-content\/uploads\/2024\/04\/pexels-hannah-nelson-1456951-1-scaled.jpg 1920w\" sizes=\"auto, (max-width: 768px) 100vw, 768px\" \/><\/figure>\n<\/div>\n<\/div>\n<\/div><\/div>\n<\/div>\n\n\n\n<div class=\"wp-block-cover alignfull is-light has-black-color has-text-color\" style=\"margin-top:0;padding-top:48px;padding-right:48px;padding-bottom:48px;padding-left:48px;min-height:199px;aspect-ratio:unset;\"><span aria-hidden=\"true\" class=\"wp-block-cover__background has-background-dim-100 has-background-dim\" style=\"background-color:#ffb43c\"><\/span><div class=\"wp-block-cover__inner-container is-layout-flow wp-block-cover-is-layout-flow\">\n<div class=\"wp-block-group has-global-padding is-layout-constrained wp-container-core-group-is-layout-0706a3ea wp-block-group-is-layout-constrained\">\n<p class=\"has-text-align-left has-black-color has-text-color\" style=\"font-size:100px;font-style:normal;font-weight:700;letter-spacing:-2px;line-height:0.9;text-transform:uppercase\">les fondateurs<\/p>\n<\/div>\n<\/div><\/div>\n\n\n\n<div class=\"wp-block-group alignfull has-accent-background-color has-background is-vertical is-layout-flex wp-container-core-group-is-layout-8673e056 wp-block-group-is-layout-flex\" style=\"margin-top:0;margin-bottom:0;padding-top:var(--wp--preset--spacing--50);padding-right:var(--wp--preset--spacing--60);padding-bottom:var(--wp--preset--spacing--50);padding-left:var(--wp--preset--spacing--60)\">\n<div class=\"wp-block-group is-vertical is-content-justification-center is-layout-flex wp-container-core-group-is-layout-ce155fab wp-block-group-is-layout-flex\">\n<p class=\"has-text-align-center\">Eleverum est cr\u00e9\u00e9 par deux professionnels passionn\u00e9s par la personne humaine. Nous portons le d\u00e9sir de construire une paix durable dans les couples, et de soutenir les parents dans leur mission parentale. <\/p>\n<\/div>\n\n\n\n<div style=\"height:0px;width:0px\" aria-hidden=\"true\" class=\"wp-block-spacer wp-container-content-32e3a40d\"><\/div>\n\n\n\n<div class=\"wp-block-columns alignwide is-layout-flex wp-container-core-columns-is-layout-4935966c wp-block-columns-is-layout-flex\" style=\"padding-right:0;padding-left:0\">\n<div class=\"wp-block-column is-layout-flow wp-block-column-is-layout-flow\">\n<figure class=\"wp-block-image size-full is-style-rounded wp-duotone-duotone-2 is-style-rounded--3\"><img loading=\"lazy\" decoding=\"async\" width=\"1536\" height=\"2048\" src=\"http:\/\/eleverum.fr\/wp-content\/uploads\/2023\/11\/IMG_1341.jpeg\" alt=\"\" class=\"wp-image-112\" style=\"aspect-ratio:1;object-fit:cover\" srcset=\"https:\/\/eleverum.fr\/wp-content\/uploads\/2023\/11\/IMG_1341.jpeg 1536w, https:\/\/eleverum.fr\/wp-content\/uploads\/2023\/11\/IMG_1341-225x300.jpeg 225w, https:\/\/eleverum.fr\/wp-content\/uploads\/2023\/11\/IMG_1341-768x1024.jpeg 768w, https:\/\/eleverum.fr\/wp-content\/uploads\/2023\/11\/IMG_1341-1152x1536.jpeg 1152w, https:\/\/eleverum.fr\/wp-content\/uploads\/2023\/11\/IMG_1341-600x800.jpeg 600w\" sizes=\"auto, (max-width: 1536px) 100vw, 1536px\" \/><\/figure>\n\n\n\n<div class=\"wp-block-group is-vertical is-content-justification-center is-nowrap is-layout-flex wp-container-core-group-is-layout-21d4e958 wp-block-group-is-layout-flex\">\n<p class=\"has-text-align-center has-large-font-size\"><strong>Bertrand Chevallier-Chantepie<\/strong><\/p>\n\n\n\n<p class=\"has-text-align-center has-large-font-size\">Cofondateur<\/p>\n\n\n\n<div style=\"height:50px\" aria-hidden=\"true\" class=\"wp-block-spacer wp-container-content-b30579f5\"><\/div>\n\n\n\n<p><strong>Accompagnant certifi\u00e9 ICF, sculpteur. <\/strong><\/p>\n\n\n\n<div style=\"height:30px\" aria-hidden=\"true\" class=\"wp-block-spacer wp-container-content-cf2db169\"><\/div>\n\n\n\n<p>Mari\u00e9 depuis 28 ans, p\u00e8re de 3 enfants et grand-p\u00e8re, j\u2019ai travers\u00e9 la maladie de ma femme et une belle crise de couple. Apr\u00e8s avoir particip\u00e9 \u00e0 une session entre hommes en 2016, alors en pleine crise de couple, je m\u2019engage dans l&rsquo;organisation pour soutenir et aider les hommes \u00e0 tenir leur juste place, r\u00e9concili\u00e9s avec leur dignit\u00e9 d\u2019homme et ainsi en paix avec le monde. <\/p>\n\n\n\n<div style=\"height:0px\" aria-hidden=\"true\" class=\"wp-block-spacer wp-container-content-cf2db169\"><\/div>\n\n\n\n<p>Apr\u00e8s 20 ans pass\u00e9s dans le commerce international d\u2019infrastructures informatiques, j\u2019op\u00e8re en 2020 un changement de vie professionnelle pour vivre pour mes aspirations les plus profondes : aider les familles en aidant les hommes \u00e0 vivre leur mission d&rsquo;\u00e9poux et de p\u00e8re.<\/p>\n\n\n\n<div style=\"height:0px\" aria-hidden=\"true\" class=\"wp-block-spacer wp-container-content-cf2db169\"><\/div>\n\n\n\n<p>Tout ceci m\u2019a amen\u00e9 \u00e0 \u00e9crire le livre <a href=\"https:\/\/www.editionsartege.fr\/product\/119194\/accomplir-sa-vie-d-homme\/\">\u00ab Accomplir sa vie d\u2019homme \u00bb paru chez Art\u00e8ge<\/a>.<\/p>\n\n\n\n<div style=\"height:0px\" aria-hidden=\"true\" class=\"wp-block-spacer wp-container-content-b30579f5\"><\/div>\n\n\n\n<p><a href=\"mailto:bertrand@etreunhomme.fr\" target=\"_blank\" rel=\"noreferrer noopener\"><u>bertrand@eleverum.fr<\/u><\/a><br>06 14 19 39 65<\/p>\n<\/div>\n<\/div>\n\n\n\n<div class=\"wp-block-column is-layout-flow wp-block-column-is-layout-flow\">\n<figure class=\"wp-block-image size-full is-style-rounded wp-duotone-duotone-2 is-style-rounded--4\"><img loading=\"lazy\" decoding=\"async\" width=\"907\" height=\"1018\" src=\"https:\/\/eleverum.fr\/wp-content\/uploads\/2023\/11\/2023-11_Philippe3.jpg\" alt=\"\" class=\"wp-image-114\" style=\"aspect-ratio:1;object-fit:cover\" srcset=\"https:\/\/eleverum.fr\/wp-content\/uploads\/2023\/11\/2023-11_Philippe3.jpg 907w, https:\/\/eleverum.fr\/wp-content\/uploads\/2023\/11\/2023-11_Philippe3-267x300.jpg 267w, https:\/\/eleverum.fr\/wp-content\/uploads\/2023\/11\/2023-11_Philippe3-768x862.jpg 768w, https:\/\/eleverum.fr\/wp-content\/uploads\/2023\/11\/2023-11_Philippe3-600x673.jpg 600w\" sizes=\"auto, (max-width: 907px) 100vw, 907px\" \/><\/figure>\n\n\n\n<div class=\"wp-block-group is-vertical is-content-justification-center is-nowrap is-layout-flex wp-container-core-group-is-layout-63bfd6c1 wp-block-group-is-layout-flex\">\n<p class=\"has-text-align-center has-large-font-size\"><strong>Philippe de Chant\u00e9rac<\/strong><\/p>\n\n\n\n<p class=\"has-text-align-center has-large-font-size\">Cofondateur<\/p>\n\n\n\n<div style=\"height:50px\" aria-hidden=\"true\" class=\"wp-block-spacer wp-container-content-b30579f5\"><\/div>\n\n\n\n<p><strong>Coach professionnel, certifi\u00e9 aupr\u00e8s de l\u2019\u00c9cole de Coaching de Paris<\/strong><\/p>\n\n\n\n<div style=\"height:0px\" aria-hidden=\"true\" class=\"wp-block-spacer wp-container-content-cf2db169\"><\/div>\n\n\n\n<p>Je suis jeune mari\u00e9, apr\u00e8s un temps de veuvage de huit ann\u00e9es. Quelle joie&nbsp;conjugale retrouv\u00e9e !<\/p>\n\n\n\n<div style=\"height:0px\" aria-hidden=\"true\" class=\"wp-block-spacer wp-container-content-cf2db169\"><\/div>\n\n\n\n<p>J\u2019ai commenc\u00e9 il y a cinq ans \u00e0 accompagner des hommes et des p\u00e8res qui vivent des incertitudes, des inconforts, des souffrances parfois. Les aider \u00e0 \u00eatre eux-m\u00eames dans toutes les dimensions de leur vie est une formidable exp\u00e9rience ! L\u2019homme a tant \u00e0 donner\u2026<\/p>\n\n\n\n<div style=\"height:0px\" aria-hidden=\"true\" class=\"wp-block-spacer wp-container-content-cf2db169\"><\/div>\n\n\n\n<p>Mon parcours professionnel m\u2019a fait passer par divers postes op\u00e9rationnels dans l\u2019industrie puis par le conseil en Ressources Humaines. Cette vie professionnelle m\u2019a grandement \u00e9panoui et a contribu\u00e9 \u00e0 un r\u00e9el rayonnement personnel.<\/p>\n\n\n\n<div style=\"height:0px\" aria-hidden=\"true\" class=\"wp-block-spacer wp-container-content-cf2db169\"><\/div>\n\n\n\n<p>P\u00e8re et grand-p\u00e8re, pour toujours&nbsp;! Et joyeux aujourd\u2019hui des relations sans cesse nouvelles avec nos enfants et nos petits-enfants.<\/p>\n\n\n\n<div style=\"height:0px\" aria-hidden=\"true\" class=\"wp-block-spacer wp-container-content-b30579f5\"><\/div>\n\n\n\n<p><a href=\"mailto:philippe@eleverum.fr\">philippe@eleverum.fr<\/a><br>07 61 99 20 77<\/p>\n<\/div>\n<\/div>\n<\/div>\n<\/div>\n\n\n\n<div class=\"wp-block-group alignfull has-base-2-background-color has-background has-global-padding is-layout-constrained wp-container-core-group-is-layout-7cd14b77 wp-block-group-is-layout-constrained\" style=\"margin-top:0;margin-bottom:0;padding-top:var(--wp--preset--spacing--60);padding-right:var(--wp--preset--spacing--60);padding-bottom:var(--wp--preset--spacing--60);padding-left:var(--wp--preset--spacing--60)\">\n<h2 class=\"wp-block-heading\">Contactez-nous !<\/h2>\n\n\n\n<div class=\"wp-block-group alignwide is-layout-flow wp-block-group-is-layout-flow\"><style id=\"wpforms-css-vars-96-block-e9b96d82-52cb-4ed8-b1b6-99ea1b1af141\">\n\t\t\t\t#wpforms-96.wpforms-block-e9b96d82-52cb-4ed8-b1b6-99ea1b1af141 {\n\t\t\t\t--wpforms-field-size-input-height: 50px;\n--wpforms-field-size-input-spacing: 20px;\n--wpforms-field-size-font-size: 18px;\n--wpforms-field-size-line-height: 21px;\n--wpforms-field-size-padding-h: 14px;\n--wpforms-field-size-checkbox-size: 18px;\n--wpforms-field-size-sublabel-spacing: 10px;\n--wpforms-field-size-icon-size: 1.25;\n--wpforms-label-size-font-size: 16px;\n--wpforms-label-size-line-height: 19px;\n--wpforms-label-size-sublabel-font-size: 14px;\n--wpforms-label-size-sublabel-line-height: 17px;\n--wpforms-button-size-font-size: 17px;\n--wpforms-button-size-height: 41px;\n--wpforms-button-size-padding-h: 15px;\n--wpforms-button-size-margin-top: 10px;\n\t\t\t}\n\t\t\t<\/style><div class=\"wpforms-container wpforms-container-full wpforms-block wpforms-block-e9b96d82-52cb-4ed8-b1b6-99ea1b1af141 wpforms-render-modern\" id=\"wpforms-96\"><form id=\"wpforms-form-96\" class=\"wpforms-validate wpforms-form wpforms-ajax-form\" data-formid=\"96\" method=\"post\" enctype=\"multipart\/form-data\" action=\"\/index.php?rest_route=%2Fwp%2Fv2%2Fpages%2F2\" data-token=\"2f028ba1cae9b65660f1a838c7652f6d\" data-token-time=\"1776350349\"><noscript class=\"wpforms-error-noscript\">Veuillez activer JavaScript dans votre navigateur pour remplir ce formulaire.<\/noscript><div id=\"wpforms-error-noscript\" style=\"display: none;\">Veuillez activer JavaScript dans votre navigateur pour remplir ce formulaire.<\/div><div class=\"wpforms-field-container\"><div id=\"wpforms-96-field_0-container\" class=\"wpforms-field wpforms-field-name\" data-field-id=\"0\"><fieldset><legend class=\"wpforms-field-label\">Nom <span class=\"wpforms-required-label\" aria-hidden=\"true\">*<\/span><\/legend><div class=\"wpforms-field-row wpforms-field-medium\"><div class=\"wpforms-field-row-block wpforms-first wpforms-one-half\"><input type=\"text\" id=\"wpforms-96-field_0\" class=\"wpforms-field-name-first wpforms-field-required\" name=\"wpforms[fields][0][first]\" aria-errormessage=\"wpforms-96-field_0-error\" required><label for=\"wpforms-96-field_0\" class=\"wpforms-field-sublabel after\">Pr\u00e9nom<\/label><\/div><div class=\"wpforms-field-row-block wpforms-one-half\"><input type=\"text\" id=\"wpforms-96-field_0-last\" class=\"wpforms-field-name-last wpforms-field-required\" name=\"wpforms[fields][0][last]\" aria-errormessage=\"wpforms-96-field_0-last-error\" required><label for=\"wpforms-96-field_0-last\" class=\"wpforms-field-sublabel after\">Nom<\/label><\/div><\/div><\/fieldset><\/div><div id=\"wpforms-96-field_1-container\" class=\"wpforms-field wpforms-field-email\" data-field-id=\"1\"><label class=\"wpforms-field-label\" for=\"wpforms-96-field_1\">E-mail <span class=\"wpforms-required-label\" aria-hidden=\"true\">*<\/span><\/label><input type=\"email\" id=\"wpforms-96-field_1\" class=\"wpforms-field-medium wpforms-field-required\" name=\"wpforms[fields][1]\" spellcheck=\"false\" aria-errormessage=\"wpforms-96-field_1-error\" required><\/div><div id=\"wpforms-96-field_2-container\" class=\"wpforms-field wpforms-field-textarea\" data-field-id=\"2\"><label class=\"wpforms-field-label\" for=\"wpforms-96-field_2\">Commentaire ou message<\/label><textarea id=\"wpforms-96-field_2\" class=\"wpforms-field-medium\" name=\"wpforms[fields][2]\" aria-errormessage=\"wpforms-96-field_2-error\" ><\/textarea><\/div><\/div><!-- .wpforms-field-container --><div class=\"wpforms-submit-container\" ><input type=\"hidden\" name=\"wpforms[id]\" value=\"96\"><input type=\"hidden\" name=\"page_title\" value=\"\"><input type=\"hidden\" name=\"page_url\" value=\"https:\/\/eleverum.fr\/index.php?rest_route=\/wp\/v2\/pages\/2\"><input type=\"hidden\" name=\"url_referer\" value=\"\"><button type=\"submit\" name=\"wpforms[submit]\" id=\"wpforms-submit-96\" class=\"wpforms-submit\" data-alt-text=\"Envoi...\" data-submit-text=\"Envoyer\" aria-live=\"assertive\" value=\"wpforms-submit\">Envoyer<\/button><img loading=\"lazy\" decoding=\"async\" src=\"https:\/\/eleverum.fr\/wp-content\/plugins\/wpforms-lite\/assets\/images\/submit-spin.svg\" class=\"wpforms-submit-spinner\" style=\"display: none;\" width=\"26\" height=\"26\" alt=\"Chargement en cours\"><\/div><\/form><\/div>  <!-- .wpforms-container --><\/div>\n<\/div>\n","protected":false},"excerpt":{"rendered":"<p>Eleverum est cr\u00e9\u00e9 par deux professionnels passionn\u00e9s par la personne humaine. Nous portons le d\u00e9sir de construire une paix durable dans les couples, et de soutenir les parents dans leur mission parentale. Bertrand Chevallier-Chantepie Cofondateur Accompagnant certifi\u00e9 ICF, sculpteur. Mari\u00e9 depuis 28 ans, p\u00e8re de 3 enfants et grand-p\u00e8re, j\u2019ai travers\u00e9 la maladie de ma [&hellip;]<\/p>\n","protected":false},"author":1,"featured_media":0,"parent":0,"menu_order":0,"comment_status":"closed","ping_status":"closed","template":"","meta":{"footnotes":""},"class_list":["post-2","page","type-page","status-publish","hentry"],"_links":{"self":[{"href":"https:\/\/eleverum.fr\/index.php?rest_route=\/wp\/v2\/pages\/2","targetHints":{"allow":["GET"]}}],"collection":[{"href":"https:\/\/eleverum.fr\/index.php?rest_route=\/wp\/v2\/pages"}],"about":[{"href":"https:\/\/eleverum.fr\/index.php?rest_route=\/wp\/v2\/types\/page"}],"author":[{"embeddable":true,"href":"https:\/\/eleverum.fr\/index.php?rest_route=\/wp\/v2\/users\/1"}],"replies":[{"embeddable":true,"href":"https:\/\/eleverum.fr\/index.php?rest_route=%2Fwp%2Fv2%2Fcomments&post=2"}],"version-history":[{"count":20,"href":"https:\/\/eleverum.fr\/index.php?rest_route=\/wp\/v2\/pages\/2\/revisions"}],"predecessor-version":[{"id":663,"href":"https:\/\/eleverum.fr\/index.php?rest_route=\/wp\/v2\/pages\/2\/revisions\/663"}],"wp:attachment":[{"href":"https:\/\/eleverum.fr\/index.php?rest_route=%2Fwp%2Fv2%2Fmedia&parent=2"}],"curies":[{"name":"wp","href":"https:\/\/api.w.org\/{rel}","templated":true}]}}