{"id":542,"date":"2026-01-14T19:50:50","date_gmt":"2026-01-14T18:50:50","guid":{"rendered":"https:\/\/eleverum.fr\/?page_id=542"},"modified":"2026-01-26T10:07:53","modified_gmt":"2026-01-26T09:07:53","slug":"les-ados","status":"publish","type":"page","link":"https:\/\/eleverum.fr\/?page_id=542","title":{"rendered":"\u00c9ducation"},"content":{"rendered":"\n<div class=\"wp-block-cover alignfull wp-duotone-unset-1\" style=\"margin-top:0;padding-top:4vw;padding-right:4vw;padding-bottom:4vw;padding-left:4vw;min-height:726px;aspect-ratio:unset;\"><img loading=\"lazy\" decoding=\"async\" width=\"1024\" height=\"1024\" class=\"wp-block-cover__image-background wp-image-253 size-large\" alt=\"\" src=\"http:\/\/eleverum.fr\/wp-content\/uploads\/2024\/01\/2021-05-07-21.05-WE-pere-fils-Fontainebleau-107-scaled-e1706485903206-1024x1024.jpg\" style=\"object-position:49% 17%\" data-object-fit=\"cover\" data-object-position=\"49% 17%\" srcset=\"https:\/\/eleverum.fr\/wp-content\/uploads\/2024\/01\/2021-05-07-21.05-WE-pere-fils-Fontainebleau-107-scaled-e1706485903206-1024x1024.jpg 1024w, https:\/\/eleverum.fr\/wp-content\/uploads\/2024\/01\/2021-05-07-21.05-WE-pere-fils-Fontainebleau-107-scaled-e1706485903206-300x300.jpg 300w, https:\/\/eleverum.fr\/wp-content\/uploads\/2024\/01\/2021-05-07-21.05-WE-pere-fils-Fontainebleau-107-scaled-e1706485903206-150x150.jpg 150w, https:\/\/eleverum.fr\/wp-content\/uploads\/2024\/01\/2021-05-07-21.05-WE-pere-fils-Fontainebleau-107-scaled-e1706485903206-768x768.jpg 768w, https:\/\/eleverum.fr\/wp-content\/uploads\/2024\/01\/2021-05-07-21.05-WE-pere-fils-Fontainebleau-107-scaled-e1706485903206-600x600.jpg 600w, https:\/\/eleverum.fr\/wp-content\/uploads\/2024\/01\/2021-05-07-21.05-WE-pere-fils-Fontainebleau-107-scaled-e1706485903206-100x100.jpg 100w, https:\/\/eleverum.fr\/wp-content\/uploads\/2024\/01\/2021-05-07-21.05-WE-pere-fils-Fontainebleau-107-scaled-e1706485903206.jpg 1450w\" sizes=\"auto, (max-width: 1024px) 100vw, 1024px\" \/><span aria-hidden=\"true\" class=\"wp-block-cover__background has-background-dim-80 has-background-dim\" style=\"background-color:#2c3066\"><\/span><div class=\"wp-block-cover__inner-container has-global-padding is-layout-constrained wp-container-core-cover-is-layout-4ba41cab wp-block-cover-is-layout-constrained\">\n<div class=\"wp-block-group is-layout-flow wp-container-core-group-is-layout-d6743c7d wp-block-group-is-layout-flow\">\n<p class=\"has-text-align-center has-text-color\" style=\"color:#ffb23d;font-size:clamp(33.419px, 2.089rem + ((1vw - 3.2px) * 2.769), 60px);font-style:normal;font-weight:800;line-height:0.9;text-transform:uppercase\"><strong>500.000 gar\u00e7ons<\/strong> <strong>ados <\/strong>grandissent sans papa.<\/p>\n<\/div>\n\n\n\n<p><\/p>\n\n\n\n<div class=\"wp-block-group is-layout-flow wp-container-core-group-is-layout-d6743c7d wp-block-group-is-layout-flow\">\n<p class=\"has-text-align-center has-text-color has-large-font-size\" style=\"color:#ffb23d;font-style:normal;font-weight:700;line-height:0.9;text-transform:uppercase\">Ils ont besoin d&rsquo;aide. <\/p>\n\n\n\n<div style=\"height:48px\" aria-hidden=\"true\" class=\"wp-block-spacer\"><\/div>\n<\/div>\n\n\n\n<p class=\"has-text-align-center\">L&rsquo;adolescence est une p\u00e9riode charni\u00e8re pour passer de l&rsquo;enfance int\u00e9rieure \u00e0 l&rsquo;adulte responsable. Si la transformation biologique se fait toute seule, la transformation psychique, elle, a besoin d&rsquo;\u00eatre soutenue.<\/p>\n<\/div><\/div>\n\n\n\n<div class=\"wp-block-group alignfull has-accent-3-background-color has-background is-vertical is-content-justification-center is-layout-flex wp-container-core-group-is-layout-6bd7616e wp-block-group-is-layout-flex\" style=\"min-height:23vh;margin-top:0;margin-bottom:0;padding-top:var(--wp--preset--spacing--40);padding-right:var(--wp--preset--spacing--40);padding-bottom:var(--wp--preset--spacing--40);padding-left:var(--wp--preset--spacing--40)\">\n<div class=\"wp-block-group has-global-padding is-layout-constrained wp-block-group-is-layout-constrained\">\n<h2 class=\"wp-block-heading has-text-align-center has-contrast-2-color has-text-color has-link-color has-xx-large-font-size wp-elements-7e53628549d005c66f1349234648ae27\" style=\"margin-right:0;margin-left:0;padding-right:0;padding-left:0\"><strong>S&rsquo;engager <\/strong>en faveur des gar\u00e7ons pour les aider \u00e0 \u00eatre bien <strong>avec eux-m\u00eames<\/strong>, et <strong>avec les jeunes filles<\/strong>.<\/h2>\n<\/div>\n\n\n\n<div style=\"height:0px\" aria-hidden=\"true\" class=\"wp-block-spacer wp-container-content-7a8a7e73\"><\/div>\n<\/div>\n\n\n\n<div class=\"wp-block-group alignfull has-global-padding is-layout-constrained wp-container-core-group-is-layout-d89aad35 wp-block-group-is-layout-constrained\" style=\"margin-top:0;margin-bottom:0;padding-top:var(--wp--preset--spacing--50);padding-right:var(--wp--preset--spacing--50);padding-bottom:var(--wp--preset--spacing--50);padding-left:var(--wp--preset--spacing--50)\">\n<div class=\"wp-block-group alignwide has-global-padding is-layout-constrained wp-container-core-group-is-layout-19e250f3 wp-block-group-is-layout-constrained\">\n<div class=\"wp-block-group is-vertical is-content-justification-center is-layout-flex wp-container-core-group-is-layout-6329a8f3 wp-block-group-is-layout-flex\">\n<h2 class=\"wp-block-heading has-text-align-center is-style-asterisk\">Des ateliers aupr\u00e8s des jeunes sur les enjeux fondamentaux de la vie<\/h2>\n\n\n\n<p class=\"has-text-align-center\">Pour tous les adolescents, en particulier ceux qui grandissent sans leur papa. Des ateliers en lien avec les structures d&rsquo;aide sociale \u00e0 l&rsquo;enfance, les \u00e9tablissements scolaires ou tout autre structure \u00e9ducative.<\/p>\n<\/div>\n\n\n\n<div style=\"height:var(--wp--preset--spacing--40)\" aria-hidden=\"true\" class=\"wp-block-spacer\"><\/div>\n\n\n\n<div class=\"wp-block-columns alignwide is-layout-flex wp-container-core-columns-is-layout-d1c656ed wp-block-columns-is-layout-flex\">\n<div class=\"wp-block-column is-vertically-aligned-center is-layout-flow wp-block-column-is-layout-flow\" style=\"flex-basis:40%\">\n<h3 class=\"wp-block-heading is-style-asterisk\">Formation humaine<\/h3>\n\n\n\n<ul style=\"line-height:1.75\" class=\"wp-block-list is-style-checkmark-list\">\n<li>Qu&rsquo;est-ce qu&rsquo;un enfant ?<\/li>\n\n\n\n<li>Qu&rsquo;est-ce qu&rsquo;un adulte ? <\/li>\n\n\n\n<li>Comment passer de l&rsquo;un \u00e0 l&rsquo;autre ?<\/li>\n\n\n\n<li>Le c\u0153ur de l&rsquo;homme et le doute de sa valeur<\/li>\n\n\n\n<li>Les m\u00e9canismes de d\u00e9fense et les r\u00f4les induits<\/li>\n\n\n\n<li>Les d\u00e9sirs log\u00e9s dans le c\u0153ur de tous les hommes<\/li>\n\n\n\n<li>L&rsquo;affectivit\u00e9 et la sexualit\u00e9<\/li>\n<\/ul>\n<\/div>\n\n\n\n<div class=\"wp-block-column is-layout-flow wp-block-column-is-layout-flow\" style=\"flex-basis:50%\">\n<figure class=\"wp-block-image size-full is-resized is-style-rounded wp-duotone-duotone-2 is-style-rounded--2\"><img loading=\"lazy\" decoding=\"async\" width=\"1024\" height=\"1024\" src=\"http:\/\/eleverum.fr\/wp-content\/uploads\/2026\/01\/Gemini_Generated_Image_w20jotw20jotw20j.png\" alt=\"\" class=\"wp-image-543\" style=\"object-fit:cover;width:600px;height:350px\" srcset=\"https:\/\/eleverum.fr\/wp-content\/uploads\/2026\/01\/Gemini_Generated_Image_w20jotw20jotw20j.png 1024w, https:\/\/eleverum.fr\/wp-content\/uploads\/2026\/01\/Gemini_Generated_Image_w20jotw20jotw20j-300x300.png 300w, https:\/\/eleverum.fr\/wp-content\/uploads\/2026\/01\/Gemini_Generated_Image_w20jotw20jotw20j-150x150.png 150w, https:\/\/eleverum.fr\/wp-content\/uploads\/2026\/01\/Gemini_Generated_Image_w20jotw20jotw20j-768x768.png 768w, https:\/\/eleverum.fr\/wp-content\/uploads\/2026\/01\/Gemini_Generated_Image_w20jotw20jotw20j-600x600.png 600w, https:\/\/eleverum.fr\/wp-content\/uploads\/2026\/01\/Gemini_Generated_Image_w20jotw20jotw20j-100x100.png 100w\" sizes=\"auto, (max-width: 1024px) 100vw, 1024px\" \/><\/figure>\n<\/div>\n<\/div>\n\n\n\n<div style=\"height:54px\" aria-hidden=\"true\" class=\"wp-block-spacer\"><\/div>\n\n\n\n<div class=\"wp-block-columns alignwide is-layout-flex wp-container-core-columns-is-layout-d1c656ed wp-block-columns-is-layout-flex\">\n<div class=\"wp-block-column is-layout-flow wp-block-column-is-layout-flow\" style=\"flex-basis:50%\">\n<figure class=\"wp-block-image size-large is-resized is-style-rounded wp-duotone-duotone-2 is-style-rounded--3\"><img loading=\"lazy\" decoding=\"async\" width=\"1024\" height=\"576\" src=\"https:\/\/eleverum.fr\/wp-content\/uploads\/2026\/01\/IMG_20151009_161059-1-1024x576.jpg\" alt=\"\" class=\"wp-image-545\" style=\"object-fit:cover;width:600px;height:350px\" srcset=\"https:\/\/eleverum.fr\/wp-content\/uploads\/2026\/01\/IMG_20151009_161059-1-1024x576.jpg 1024w, https:\/\/eleverum.fr\/wp-content\/uploads\/2026\/01\/IMG_20151009_161059-1-300x169.jpg 300w, https:\/\/eleverum.fr\/wp-content\/uploads\/2026\/01\/IMG_20151009_161059-1-768x432.jpg 768w, https:\/\/eleverum.fr\/wp-content\/uploads\/2026\/01\/IMG_20151009_161059-1-1536x864.jpg 1536w, https:\/\/eleverum.fr\/wp-content\/uploads\/2026\/01\/IMG_20151009_161059-1-2048x1152.jpg 2048w, https:\/\/eleverum.fr\/wp-content\/uploads\/2026\/01\/IMG_20151009_161059-1-600x338.jpg 600w\" sizes=\"auto, (max-width: 1024px) 100vw, 1024px\" \/><\/figure>\n<\/div>\n\n\n\n<div class=\"wp-block-column is-vertically-aligned-center is-layout-flow wp-block-column-is-layout-flow\" style=\"flex-basis:50%\">\n<h3 class=\"wp-block-heading is-style-asterisk\">Dans la nature et avec du sport<\/h3>\n\n\n\n<ul style=\"line-height:1.75\" class=\"wp-block-list is-style-checkmark-list\">\n<li>La beaut\u00e9 de la nature nous aide \u00e0 nous \u00e9merveiller sur nous-m\u00eame.<\/li>\n\n\n\n<li>Le sport est un lieu d&rsquo;apprentissage du r\u00e9el, des r\u00e8gles, des limites, du d\u00e9ploiement de la force et de l&rsquo;agressivit\u00e9. Nous animons des ateliers de maitrise de soi et d&rsquo;affirmation de soi autour du conte anthropologique \u00ab\u00a0Jean de fer\u00a0\u00bb<\/li>\n\n\n\n<li>Dans la joie et les rires.<\/li>\n<\/ul>\n<\/div>\n<\/div>\n<\/div>\n<\/div>\n\n\n\n<div class=\"wp-block-group alignfull has-base-2-background-color has-background has-global-padding is-layout-constrained wp-container-core-group-is-layout-669513ed wp-block-group-is-layout-constrained\" style=\"margin-top:0;margin-bottom:0;padding-top:var(--wp--preset--spacing--50);padding-right:var(--wp--preset--spacing--50);padding-bottom:var(--wp--preset--spacing--50);padding-left:var(--wp--preset--spacing--50)\">\n<div class=\"wp-block-group is-vertical is-content-justification-center is-layout-flex wp-container-core-group-is-layout-52b864f0 wp-block-group-is-layout-flex\">\n<h2 class=\"wp-block-heading has-text-align-center is-style-asterisk\">Devenir adulte, c&rsquo;est quitter l&rsquo;enfance<\/h2>\n\n\n\n<div style=\"height:0px\" aria-hidden=\"true\" class=\"wp-block-spacer wp-container-content-4f2ccadb\"><\/div>\n\n\n\n<p class=\"has-text-align-center\">Depuis des mill\u00e9naires, pour assurer la continuit\u00e9 des soci\u00e9t\u00e9s et leur survie, les soci\u00e9t\u00e9s ont toutes aid\u00e9es les jeunes gar\u00e7ons \u00e0 devenir des adultes. <\/p>\n<\/div>\n\n\n\n<div style=\"margin-top:0;margin-bottom:0;height:var(--wp--preset--spacing--40)\" aria-hidden=\"true\" class=\"wp-block-spacer\"><\/div>\n\n\n\n<div class=\"wp-block-columns alignwide is-layout-flex wp-container-core-columns-is-layout-d0bbbce0 wp-block-columns-is-layout-flex\">\n<div class=\"wp-block-column is-layout-flow wp-container-core-column-is-layout-e3d1c41b wp-block-column-is-layout-flow\">\n<h3 class=\"wp-block-heading has-text-align-left is-style-asterisk has-body-font-family has-medium-font-size\" style=\"font-style:normal;font-weight:600\">Renoncement \u00e0 l&rsquo;enfance<\/h3>\n\n\n\n<p class=\"has-text-align-left\">Faire le deuil de la d\u00e9pendance, du nombrilisme infantile autocentr\u00e9, du caprice.<\/p>\n<\/div>\n\n\n\n<div class=\"wp-block-column is-layout-flow wp-container-core-column-is-layout-e3d1c41b wp-block-column-is-layout-flow\">\n<h3 class=\"wp-block-heading has-text-align-left is-style-asterisk has-body-font-family has-medium-font-size\" style=\"font-style:normal;font-weight:600\">De l&rsquo;incons\u00e9quence \u00e0 la responsabilit\u00e9<\/h3>\n\n\n\n<p class=\"has-text-align-left\">Les cons\u00e9quences des b\u00eatises des enfants sont limit\u00e9es. Celles des adultes peuvent briser des vies voire mener en prison.<\/p>\n<\/div>\n\n\n\n<div class=\"wp-block-column is-layout-flow wp-container-core-column-is-layout-e3d1c41b wp-block-column-is-layout-flow\">\n<h3 class=\"wp-block-heading has-text-align-left is-style-asterisk has-body-font-family has-medium-font-size\" style=\"font-style:normal;font-weight:600\">Former aux enjeux de la vie d&rsquo;homme<\/h3>\n\n\n\n<p class=\"has-text-align-left\">La vie est une grande aventure \u00e0 vivre et chacun est \u00e9quip\u00e9 des qualit\u00e9s n\u00e9cessaires \u00e0 son plein accomplissement. Notre blessure n&rsquo;est pas notre identit\u00e9. <\/p>\n<\/div>\n<\/div>\n\n\n\n<div style=\"height:var(--wp--preset--spacing--20)\" aria-hidden=\"true\" class=\"wp-block-spacer\"><\/div>\n\n\n\n<div class=\"wp-block-columns alignwide is-layout-flex wp-container-core-columns-is-layout-d0bbbce0 wp-block-columns-is-layout-flex\">\n<div class=\"wp-block-column is-layout-flow wp-container-core-column-is-layout-e3d1c41b wp-block-column-is-layout-flow\">\n<h3 class=\"wp-block-heading has-text-align-left is-style-asterisk has-body-font-family has-medium-font-size\" style=\"font-style:normal;font-weight:600\">S\u00e9paration<\/h3>\n\n\n\n<p class=\"has-text-align-left\">R\u00e9ajuster la relation d&rsquo;attachement fusionnelle avec maman pour en faire une relation d&rsquo;adulte \u00e0 adulte.<\/p>\n<\/div>\n\n\n\n<div class=\"wp-block-column is-layout-flow wp-container-core-column-is-layout-e3d1c41b wp-block-column-is-layout-flow\">\n<h3 class=\"wp-block-heading has-text-align-left is-style-asterisk has-body-font-family has-medium-font-size\" style=\"font-style:normal;font-weight:600\">Comprendre son c\u0153ur<\/h3>\n\n\n\n<p class=\"has-text-align-left\">Le c\u0153ur de l&rsquo;homme est beau, et rempli de beaux d\u00e9sirs d&rsquo;aventure, de batailles pour de nobles causes et de beaut\u00e9. <\/p>\n<\/div>\n\n\n\n<div class=\"wp-block-column is-layout-flow wp-container-core-column-is-layout-e3d1c41b wp-block-column-is-layout-flow\">\n<h3 class=\"wp-block-heading has-text-align-left is-style-asterisk has-body-font-family has-medium-font-size\" style=\"font-style:normal;font-weight:600\">Reconna\u00eetre le jeune pour ce qu&rsquo;il est<\/h3>\n\n\n\n<p class=\"has-text-align-left\">Toute personne humaine est un myst\u00e8re, une perle, un tr\u00e9sor, un diamant. Les jeunes ont besoin qu&rsquo;on leur r\u00e9v\u00e8le leur beaut\u00e9. <\/p>\n<\/div>\n<\/div>\n<\/div>\n\n\n\n<div class=\"wp-block-group alignfull has-global-padding is-layout-constrained wp-container-core-group-is-layout-490fa1db wp-block-group-is-layout-constrained has-background\" style=\"padding-top:var(--wp--preset--spacing--50);padding-right:var(--wp--preset--spacing--50);padding-bottom:var(--wp--preset--spacing--50);padding-left:var(--wp--preset--spacing--50);background-image:url(&apos;http:\/\/eleverum.fr\/wp-content\/uploads\/2026\/01\/Gemini_Generated_Image_nt4tq3nt4tq3nt4t.jpg&apos;);background-size:cover;\">\n<div style=\"height:60px\" aria-hidden=\"true\" class=\"wp-block-spacer\"><\/div>\n\n\n\n<div class=\"wp-block-group has-global-padding is-layout-constrained wp-container-core-group-is-layout-5a2f483f wp-block-group-is-layout-constrained\">\n<h1 class=\"wp-block-heading has-text-align-center has-base-2-color has-text-color has-link-color has-x-large-font-size wp-elements-45f97614db40308a76e24aab3bddc349\">Par des hommes, pour des hommes<\/h1>\n\n\n\n<div style=\"height:60px\" aria-hidden=\"true\" class=\"wp-block-spacer\"><\/div>\n\n\n\n<p class=\"has-text-align-center has-base-2-color has-text-color has-link-color wp-elements-5c7260aeac548f14f63ef41bae39f0fe\">Les gar\u00e7ons ont besoin de mod\u00e8les masculins pour se construire individuellement car la masculinit\u00e9 se construit par \u00ab\u00a0impr\u00e9gnation\u00a0\u00bb.<\/p>\n\n\n\n<p><\/p>\n\n\n\n<p class=\"has-text-align-center has-base-2-color has-text-color has-link-color wp-elements-a505af4ec3d51c18c9d450bd746b84bc\">Les jeunes gar\u00e7ons \u00e9prouvent le besoin de s&rsquo;identifier \u00e0 des mod\u00e8les pour les aider \u00e0 trouver leur chemin vers la vie adulte. Selon les mod\u00e8les disponibles, vicieux ou vertueux, le parcours de vie du jeune pourra le mener en prison ou vers une vie digne, paisible et engag\u00e9e. <\/p>\n<\/div>\n\n\n\n<div style=\"height:60px\" aria-hidden=\"true\" class=\"wp-block-spacer\"><\/div>\n<\/div>\n\n\n\n<div class=\"wp-block-group alignfull has-base-color has-contrast-background-color has-text-color has-background has-global-padding is-layout-constrained wp-container-core-group-is-layout-ef3d885c wp-block-group-is-layout-constrained\" style=\"margin-top:0;margin-bottom:0;padding-top:var(--wp--preset--spacing--60);padding-right:var(--wp--preset--spacing--60);padding-bottom:var(--wp--preset--spacing--60);padding-left:var(--wp--preset--spacing--60)\">\n<div class=\"wp-block-group has-global-padding is-layout-constrained wp-block-group-is-layout-constrained\">\n<p class=\"has-text-align-center has-base-color has-text-color has-heading-font-family has-x-large-font-size\" style=\"line-height:1.2\"><em>\u00ab&nbsp;Les jeunes hommes ont besoin d&rsquo;\u00eatre forg\u00e9s sur une vision positive de l&rsquo;homme et de la femme, remplie d&rsquo;esp\u00e9rance pour eux et pour le monde.&nbsp;\u00bb<\/em><\/p>\n<\/div>\n<\/div>\n\n\n\n<p><\/p>\n","protected":false},"excerpt":{"rendered":"<p>S&rsquo;engager en faveur des gar\u00e7ons pour les aider \u00e0 \u00eatre bien avec eux-m\u00eames, et avec les jeunes filles. Des ateliers aupr\u00e8s des jeunes sur les enjeux fondamentaux de la vie Pour tous les adolescents, en particulier ceux qui grandissent sans leur papa. Des ateliers en lien avec les structures d&rsquo;aide sociale \u00e0 l&rsquo;enfance, les \u00e9tablissements [&hellip;]<\/p>\n","protected":false},"author":1,"featured_media":0,"parent":0,"menu_order":0,"comment_status":"closed","ping_status":"closed","template":"","meta":{"footnotes":""},"class_list":["post-542","page","type-page","status-publish","hentry"],"_links":{"self":[{"href":"https:\/\/eleverum.fr\/index.php?rest_route=\/wp\/v2\/pages\/542","targetHints":{"allow":["GET"]}}],"collection":[{"href":"https:\/\/eleverum.fr\/index.php?rest_route=\/wp\/v2\/pages"}],"about":[{"href":"https:\/\/eleverum.fr\/index.php?rest_route=\/wp\/v2\/types\/page"}],"author":[{"embeddable":true,"href":"https:\/\/eleverum.fr\/index.php?rest_route=\/wp\/v2\/users\/1"}],"replies":[{"embeddable":true,"href":"https:\/\/eleverum.fr\/index.php?rest_route=%2Fwp%2Fv2%2Fcomments&post=542"}],"version-history":[{"count":14,"href":"https:\/\/eleverum.fr\/index.php?rest_route=\/wp\/v2\/pages\/542\/revisions"}],"predecessor-version":[{"id":605,"href":"https:\/\/eleverum.fr\/index.php?rest_route=\/wp\/v2\/pages\/542\/revisions\/605"}],"wp:attachment":[{"href":"https:\/\/eleverum.fr\/index.php?rest_route=%2Fwp%2Fv2%2Fmedia&parent=542"}],"curies":[{"name":"wp","href":"https:\/\/api.w.org\/{rel}","templated":true}]}}