{"id":717,"date":"2026-03-11T12:21:43","date_gmt":"2026-03-11T11:21:43","guid":{"rendered":"https:\/\/eleverum.fr\/?post_type=product&#038;p=717"},"modified":"2026-04-14T19:16:33","modified_gmt":"2026-04-14T17:16:33","slug":"etre-pere-a-lunite","status":"publish","type":"product","link":"https:\/\/eleverum.fr\/?product=etre-pere-a-lunite","title":{"rendered":"\u00catre P\u00e8re &#8211; \u00e0 l&rsquo;unit\u00e9"},"content":{"rendered":"<p>Un guide pratique \u00e0 l&rsquo;exercice de la paternit\u00e9 pour tous les papas r\u00e9els, les animateurs, les leaders et les \u00e9ducateurs afin de leur permettre d&rsquo;exercer avec justesse leur \u00ab\u00a0paternit\u00e9 symbolique\u00a0\u00bb aupr\u00e8s des personnes qui leur sont confi\u00e9es : leurs enfants biologiques, leurs subordonn\u00e9s ou les personnes dont ils sont en charge.<\/p>\n","protected":false},"excerpt":{"rendered":"<p>Un guide pratique \u00e0 l&rsquo;exercice de la paternit\u00e9 pour tous les papas r\u00e9els, les animateurs, les leaders et les \u00e9ducateurs afin de leur permettre d&rsquo;exercer avec justesse leur \u00ab\u00a0paternit\u00e9 symbolique\u00a0\u00bb aupr\u00e8s des personnes qui leur sont confi\u00e9es : leurs enfants biologiques, leurs subordonn\u00e9s ou les personnes dont ils sont en charge.<\/p>\n","protected":false},"featured_media":753,"template":"","meta":[],"product_brand":[],"product_cat":[19],"product_tag":[],"class_list":{"0":"post-717","1":"product","2":"type-product","3":"status-publish","4":"has-post-thumbnail","6":"product_cat-non-classe","7":"product_shipping_class-1livre","9":"first","10":"instock","11":"sold-individually","12":"shipping-taxable","13":"purchasable","14":"product-type-simple"},"_links":{"self":[{"href":"https:\/\/eleverum.fr\/index.php?rest_route=\/wp\/v2\/product\/717","targetHints":{"allow":["GET"]}}],"collection":[{"href":"https:\/\/eleverum.fr\/index.php?rest_route=\/wp\/v2\/product"}],"about":[{"href":"https:\/\/eleverum.fr\/index.php?rest_route=\/wp\/v2\/types\/product"}],"wp:featuredmedia":[{"embeddable":true,"href":"https:\/\/eleverum.fr\/index.php?rest_route=\/wp\/v2\/media\/753"}],"wp:attachment":[{"href":"https:\/\/eleverum.fr\/index.php?rest_route=%2Fwp%2Fv2%2Fmedia&parent=717"}],"wp:term":[{"taxonomy":"product_brand","embeddable":true,"href":"https:\/\/eleverum.fr\/index.php?rest_route=%2Fwp%2Fv2%2Fproduct_brand&post=717"},{"taxonomy":"product_cat","embeddable":true,"href":"https:\/\/eleverum.fr\/index.php?rest_route=%2Fwp%2Fv2%2Fproduct_cat&post=717"},{"taxonomy":"product_tag","embeddable":true,"href":"https:\/\/eleverum.fr\/index.php?rest_route=%2Fwp%2Fv2%2Fproduct_tag&post=717"}],"curies":[{"name":"wp","href":"https:\/\/api.w.org\/{rel}","templated":true}]}}