{"id":726,"date":"2026-03-11T13:15:21","date_gmt":"2026-03-11T12:15:21","guid":{"rendered":"https:\/\/eleverum.fr\/?post_type=product&#038;p=726"},"modified":"2026-04-14T19:16:52","modified_gmt":"2026-04-14T17:16:52","slug":"etre-pere-1-livre-remis-en-main-propre","status":"publish","type":"product","link":"https:\/\/eleverum.fr\/?product=etre-pere-1-livre-remis-en-main-propre","title":{"rendered":"\u00catre P\u00e8re &#8211; 1 livre (remis en main propre)"},"content":{"rendered":"<p>Les commandes de cette r\u00e9f\u00e9rence sont r\u00e9serv\u00e9es uniquement aux ventes r\u00e9alis\u00e9es en main propre, \u00e0 l&rsquo;occasion de conf\u00e9rences, d&rsquo;ateliers ou de s\u00e9minaires. Dans le cas contraire, les livres ne seront pas exp\u00e9di\u00e9s et des frais d&rsquo;annulation de 1\u20ac s&rsquo;appliquent par livre command\u00e9. Merci de votre compr\u00e9hension.<\/p>\n","protected":false},"excerpt":{"rendered":"<p>Les commandes de cette r\u00e9f\u00e9rence sont r\u00e9serv\u00e9es uniquement aux ventes r\u00e9alis\u00e9es en main propre, \u00e0 l&rsquo;occasion de conf\u00e9rences, d&rsquo;ateliers ou de s\u00e9minaires. Dans le cas contraire, les livres ne seront pas exp\u00e9di\u00e9s et des frais d&rsquo;annulation de 1\u20ac s&rsquo;appliquent par livre command\u00e9. Merci de votre compr\u00e9hension.<\/p>\n","protected":false},"featured_media":753,"template":"","meta":[],"product_brand":[],"product_cat":[19],"product_tag":[],"class_list":{"0":"post-726","1":"product","2":"type-product","3":"status-publish","4":"has-post-thumbnail","6":"product_cat-non-classe","8":"first","9":"instock","10":"virtual","11":"purchasable","12":"product-type-simple"},"_links":{"self":[{"href":"https:\/\/eleverum.fr\/index.php?rest_route=\/wp\/v2\/product\/726","targetHints":{"allow":["GET"]}}],"collection":[{"href":"https:\/\/eleverum.fr\/index.php?rest_route=\/wp\/v2\/product"}],"about":[{"href":"https:\/\/eleverum.fr\/index.php?rest_route=\/wp\/v2\/types\/product"}],"wp:featuredmedia":[{"embeddable":true,"href":"https:\/\/eleverum.fr\/index.php?rest_route=\/wp\/v2\/media\/753"}],"wp:attachment":[{"href":"https:\/\/eleverum.fr\/index.php?rest_route=%2Fwp%2Fv2%2Fmedia&parent=726"}],"wp:term":[{"taxonomy":"product_brand","embeddable":true,"href":"https:\/\/eleverum.fr\/index.php?rest_route=%2Fwp%2Fv2%2Fproduct_brand&post=726"},{"taxonomy":"product_cat","embeddable":true,"href":"https:\/\/eleverum.fr\/index.php?rest_route=%2Fwp%2Fv2%2Fproduct_cat&post=726"},{"taxonomy":"product_tag","embeddable":true,"href":"https:\/\/eleverum.fr\/index.php?rest_route=%2Fwp%2Fv2%2Fproduct_tag&post=726"}],"curies":[{"name":"wp","href":"https:\/\/api.w.org\/{rel}","templated":true}]}}